{"id":892,"date":"2024-03-12T14:49:47","date_gmt":"2024-03-12T19:49:47","guid":{"rendered":"https:\/\/colombialegriatravel.com\/?page_id=892"},"modified":"2024-03-12T14:59:07","modified_gmt":"2024-03-12T19:59:07","slug":"terminos-y-condiciones","status":"publish","type":"page","link":"https:\/\/colombialegriatravel.com\/en\/terminos-y-condiciones\/","title":{"rendered":"Terms and Conditions"},"content":{"rendered":"<div data-elementor-type=\"wp-page\" data-elementor-id=\"892\" class=\"elementor elementor-892\" data-elementor-post-type=\"page\">\n\t\t\t\t<div class=\"elementor-element elementor-element-0d044e3 e-flex e-con-boxed e-con e-parent\" data-id=\"0d044e3\" data-element_type=\"container\" data-e-type=\"container\" data-settings=\"{&quot;jet_parallax_layout_list&quot;:[]}\">\n\t\t\t\t\t<div class=\"e-con-inner\">\n\t\t\t\t<div class=\"elementor-element elementor-element-57c28b5 elementor-widget elementor-widget-heading\" data-id=\"57c28b5\" data-element_type=\"widget\" data-e-type=\"widget\" data-widget_type=\"heading.default\">\n\t\t\t\t<div class=\"elementor-widget-container\">\n\t\t\t\t\t<h2 class=\"elementor-heading-title elementor-size-default\">Terms and Conditions<\/h2>\t\t\t\t<\/div>\n\t\t\t\t<\/div>\n\t\t\t\t\t<\/div>\n\t\t\t\t<\/div>\n\t\t<div class=\"elementor-element elementor-element-0fad1e2 e-flex e-con-boxed e-con e-parent\" data-id=\"0fad1e2\" data-element_type=\"container\" data-e-type=\"container\" data-settings=\"{&quot;jet_parallax_layout_list&quot;:[]}\">\n\t\t\t\t\t<div class=\"e-con-inner\">\n\t\t\t\t<div class=\"elementor-element elementor-element-fbda25f elementor-widget elementor-widget-text-editor\" data-id=\"fbda25f\" data-element_type=\"widget\" data-e-type=\"widget\" data-widget_type=\"text-editor.default\">\n\t\t\t\t<div class=\"elementor-widget-container\">\n\t\t\t\t\t\t\t\t\t<p><strong>ColombiAlegria LLC<\/strong> con ID #11226608 Virginia USA se acoge a la ley de privacidad de datos de 1974. Es una ley federal que se establece en el art\u00edculo 5, secci\u00f3n 552\u00aa del c\u00f3digo de los estados unidos. System o record sistemas de registros<\/p><p><strong>NOTAS IMPORTANTES<\/strong><\/p><p>1. Es indispensable que cada pasajero se haga responsable de tener al d\u00eda toda la documentaci\u00f3n requerida, para poder realizar el viaje, Unas recomendaciones que el pasajero debe tener antes de montarse al avi\u00f3n son:<\/p><p>2. Antes de comprar su tiquete de vuelo o paquete internacional, tener en cuenta que el nombre de la reserva sea igual al que aparezca en el pasaporte. No nos hacemos responsable por los errores en que puedan incurrir. El Pasaportes debe estar vigentes y que su fecha de vencimiento no est\u00e9 6 meses pr\u00f3ximo a vencerse contando desde la fecha de viaje.<\/p><p>3. Diligenciamiento de formularios migratorios u otros necesarios para poder entrar a cada pa\u00eds, los cuales pueden variar constantemente por los gobiernos de cada pa\u00eds, para esto se deben consultar por su cuenta v\u00eda Internet o en los consulados de cada pa\u00eds.<\/p><p>4. Visas necesarias para entrar a cada pa\u00eds y dependiendo de la nacionalidad registrada en el pasaporte.<\/p><p>5. Si viaja con menores de edad, llevar registro civil original y si no viaja con alguno o<br \/>Ninguno de los padres, tener los permisos exigidos por Migraci\u00f3n Colombia o Migraci\u00f3n del pa\u00eds a ingresar.<\/p><p>6. En algunas ciudades de este circuito, el pasajero tendr\u00e1 tiempo libre para seguir descubriendo la ciudad y por ende el traslado de regreso al hotel no estar\u00e1 incluido&#8230;<\/p><p>7. la asesor\u00eda o paquete del tour completo en internacionales solo tendr\u00edan que enviarnos documentaci\u00f3n requerida de pasaporte que exigen las agencias de turismo para tramitar el servicio<\/p><p>8. Solicitar disponibilidad v\u00eda correo electr\u00f3nico <strong>info@colombialegria.com<\/strong><\/p><p>9. Al recibir COLOMBIA ALEGRIA LLC el dep\u00f3sito que el pasajero entrega en la agencia.<br \/>Entiende que el pasajero se ha enterado y aceptado cada una de las condiciones, pol\u00edticas de pago y cancelaciones.<br \/>As\u00ed mismo la agencia est\u00e1 en la obligaci\u00f3n de enterar y dar a conocer las condiciones al pasajero.<\/p><p>10. para la compra de un paquete de turismo a cr\u00e9dito se requiere garantizar un abono del 40 % del valor total del paquete tur\u00edstico.<\/p><p>El saldo se puede cancelar por cuotas acordadas mensuales.45 d\u00edas antes del tour debe estar cancelado en su totalidad.<\/p><p>En caso de cancelaci\u00f3n de la reserva, el valor del dep\u00f3sito no ser\u00e1 reintegrado solo en los siguientes t\u00e9rminos.<\/p><p>Cancelaciones recibidas entre 30 y 20 d\u00edas antes del servicio de turismo tiene una penalidad del 60% del valor total del servicio de turismo.<br \/>Cancelaciones recibidas entre 19 y 12 d\u00edas antes de iniciar el servicio acordado tiene un cargo de 80% del valor total del servicio.<br \/>Cancelaciones recibidas entre 11 y 1 d\u00eda antes de iniciar el servicio tiene cargo del 100% del servicio turismo.<br \/>La no presentaci\u00f3n al servicio tiene un cargo del 100% del servicio tur\u00edstico.<br \/>Si en el servicio est\u00e1 incluido un paquete completo de turismo NO somos responsables de cancelaci\u00f3n o cambios de vuelos por parte de la aerol\u00ednea<br \/>No somos responsables por cambios hechos por el cliente sin consultarnos.<\/p><p><strong>EQUIPAJE<\/strong><\/p><p>\u2022 El equipaje no es objeto contrato de transporte.<br \/>\u2022 El pasajero siempre lo lleva consigo cualquiera que sea el medio de transporte o en el hotel donde se hospede.<br \/>\u2022 No respondemos por ning\u00fan equipaje.<br \/>\u2022 Este es transportador con el viajero por su cuenta y riesgo.<br \/>\u2022 El pasajero estar\u00eda pendiente de que su equipaje baje y suba al medio de transporte.<br \/>\u2022 Los pasajeros deben cuidar todos sus art\u00edculos personales y documentaci\u00f3n.<br \/>\u2022 Los pasajeros no deben dejar art\u00edculos de valor como joyas, dinero, tarjetas de cr\u00e9dito y otros en el medio de transporte y hotel.<br \/>\u2022 Solo en cajillas de seguridad del hotel bajo su responsabilidad.<br \/>\u2022 Tener en cuenta en los alojamientos el chek in es a partir de las 15:00 y chek out a las 12:00, cualquier cambio debe hablar en el establecimiento de alojamiento o notificarnos.<\/p><p>COLOMBIALEGRIA LLC. No se hace responsable de cambios que haga el cliente por su cuenta en lugares y horas diferentes al establecido con nosotros.<\/p><p><strong>PARA TENER EN CUENTA.<\/strong><\/p><p>Los clientes tendr\u00e1n mucha alerta y cuidado al visitar pa\u00edses que tengan alto \u00edndice de organizaciones criminales y terrorista, para no ser v\u00edctima&#8230; El compartir o tener citas con personas que no tengan v\u00ednculos con el tour, ser\u00e1n bajo su responsabilidad.<\/p>\t\t\t\t\t\t\t\t<\/div>\n\t\t\t\t<\/div>\n\t\t\t\t\t<\/div>\n\t\t\t\t<\/div>\n\t\t\t\t<\/div>","protected":false},"excerpt":{"rendered":"<p>ColombiAlegria LLC con ID #11226608 Virginia USA se acoge a la ley de privacidad de datos de 1974. Es una ley federal que se establece en el art\u00edculo 5, secci\u00f3n 552\u00aa del c\u00f3digo de los estados unidos. System o record sistemas de registros NOTAS IMPORTANTES 1. Es indispensable que cada pasajero se haga responsable de [&hellip;]<\/p>","protected":false},"author":1,"featured_media":0,"parent":0,"menu_order":0,"comment_status":"closed","ping_status":"closed","template":"elementor_header_footer","meta":{"_joinchat":[],"footnotes":""},"class_list":["post-892","page","type-page","status-publish","hentry"],"_links":{"self":[{"href":"https:\/\/colombialegriatravel.com\/en\/wp-json\/wp\/v2\/pages\/892","targetHints":{"allow":["GET"]}}],"collection":[{"href":"https:\/\/colombialegriatravel.com\/en\/wp-json\/wp\/v2\/pages"}],"about":[{"href":"https:\/\/colombialegriatravel.com\/en\/wp-json\/wp\/v2\/types\/page"}],"author":[{"embeddable":true,"href":"https:\/\/colombialegriatravel.com\/en\/wp-json\/wp\/v2\/users\/1"}],"replies":[{"embeddable":true,"href":"https:\/\/colombialegriatravel.com\/en\/wp-json\/wp\/v2\/comments?post=892"}],"version-history":[{"count":5,"href":"https:\/\/colombialegriatravel.com\/en\/wp-json\/wp\/v2\/pages\/892\/revisions"}],"predecessor-version":[{"id":909,"href":"https:\/\/colombialegriatravel.com\/en\/wp-json\/wp\/v2\/pages\/892\/revisions\/909"}],"wp:attachment":[{"href":"https:\/\/colombialegriatravel.com\/en\/wp-json\/wp\/v2\/media?parent=892"}],"curies":[{"name":"wp","href":"https:\/\/api.w.org\/{rel}","templated":true}]}}